{"id":2876,"date":"2023-01-25T16:20:13","date_gmt":"2023-01-25T16:20:13","guid":{"rendered":"https:\/\/elisak89.sg-host.com\/prodotto\/2876\/"},"modified":"2023-12-14T15:16:18","modified_gmt":"2023-12-14T15:16:18","slug":"honignuesse-220-g","status":"publish","type":"product","link":"https:\/\/alfierisuisse.ch\/de\/prodotto\/honignuesse-220-g\/","title":{"rendered":"Honign\u00fcsse 220 g"},"content":{"rendered":"","protected":false},"excerpt":{"rendered":"<p><strong>Gewicht<\/strong>: 220 g<\/p>\n<p><strong>Zutaten<\/strong>: Italienischer Akazienhonig 57%, gesch\u00e4lte italienische Waln\u00fcsse (Lara-Qualit\u00e4t) 43%<\/p>\n","protected":false},"featured_media":2050,"comment_status":"open","ping_status":"closed","template":"","meta":{"_acf_changed":false,"rank_math_lock_modified_date":false},"product_cat":[136],"product_tag":[155],"class_list":{"0":"post-2876","1":"product","2":"type-product","3":"status-publish","4":"has-post-thumbnail","6":"product_cat-trockenfruchte","7":"product_tag-getrocknete-fruchte","9":"first","10":"instock","11":"shipping-taxable","12":"purchasable","13":"product-type-simple"},"acf":[],"_links":{"self":[{"href":"https:\/\/alfierisuisse.ch\/de\/wp-json\/wp\/v2\/product\/2876","targetHints":{"allow":["GET"]}}],"collection":[{"href":"https:\/\/alfierisuisse.ch\/de\/wp-json\/wp\/v2\/product"}],"about":[{"href":"https:\/\/alfierisuisse.ch\/de\/wp-json\/wp\/v2\/types\/product"}],"replies":[{"embeddable":true,"href":"https:\/\/alfierisuisse.ch\/de\/wp-json\/wp\/v2\/comments?post=2876"}],"wp:featuredmedia":[{"embeddable":true,"href":"https:\/\/alfierisuisse.ch\/de\/wp-json\/wp\/v2\/media\/2050"}],"wp:attachment":[{"href":"https:\/\/alfierisuisse.ch\/de\/wp-json\/wp\/v2\/media?parent=2876"}],"wp:term":[{"taxonomy":"product_cat","embeddable":true,"href":"https:\/\/alfierisuisse.ch\/de\/wp-json\/wp\/v2\/product_cat?post=2876"},{"taxonomy":"product_tag","embeddable":true,"href":"https:\/\/alfierisuisse.ch\/de\/wp-json\/wp\/v2\/product_tag?post=2876"}],"curies":[{"name":"wp","href":"https:\/\/api.w.org\/{rel}","templated":true}]}}