{"id":3064,"date":"2023-01-25T16:10:08","date_gmt":"2023-01-25T16:10:08","guid":{"rendered":"https:\/\/elisak89.sg-host.com\/prodotto\/amaretti-mombaruzzo-doppio-incarto-250g\/"},"modified":"2026-04-10T13:28:51","modified_gmt":"2026-04-10T13:28:51","slug":"weiche-amaretti-aus-mombaruzzo-250g","status":"publish","type":"product","link":"https:\/\/alfierisuisse.ch\/de\/prodotto\/weiche-amaretti-aus-mombaruzzo-250g\/","title":{"rendered":"AMARETTI MORBIDI DI MOMBARUZZO 250 G"},"content":{"rendered":"","protected":false},"excerpt":{"rendered":"<p><strong>Weiche Amaretti aus Mombaruzzo<\/strong><\/p>\n<p><strong>Gewicht<\/strong>: 250 g<\/p>\n<p><strong>Zutaten<\/strong>: s\u00fc\u00dfe Mandeln, Zucker, pasteurisiertes Eiwei\u00df, Bittermandeln, Backtriebmittel (Natriumdiphosphat, Carbonat, Natriums\u00e4ure), Vanillin, Aromen, Kaliumsorbat.<\/p>\n","protected":false},"featured_media":4140,"comment_status":"open","ping_status":"closed","template":"","meta":{"_acf_changed":false,"rank_math_lock_modified_date":false},"product_cat":[130],"product_tag":[219],"class_list":{"0":"post-3064","1":"product","2":"type-product","3":"status-publish","4":"has-post-thumbnail","6":"product_cat-susigkeiten-und-honig","7":"product_tag-gli-amaretti-de","9":"first","10":"instock","11":"shipping-taxable","12":"purchasable","13":"product-type-simple"},"acf":[],"_links":{"self":[{"href":"https:\/\/alfierisuisse.ch\/de\/wp-json\/wp\/v2\/product\/3064","targetHints":{"allow":["GET"]}}],"collection":[{"href":"https:\/\/alfierisuisse.ch\/de\/wp-json\/wp\/v2\/product"}],"about":[{"href":"https:\/\/alfierisuisse.ch\/de\/wp-json\/wp\/v2\/types\/product"}],"replies":[{"embeddable":true,"href":"https:\/\/alfierisuisse.ch\/de\/wp-json\/wp\/v2\/comments?post=3064"}],"wp:featuredmedia":[{"embeddable":true,"href":"https:\/\/alfierisuisse.ch\/de\/wp-json\/wp\/v2\/media\/4140"}],"wp:attachment":[{"href":"https:\/\/alfierisuisse.ch\/de\/wp-json\/wp\/v2\/media?parent=3064"}],"wp:term":[{"taxonomy":"product_cat","embeddable":true,"href":"https:\/\/alfierisuisse.ch\/de\/wp-json\/wp\/v2\/product_cat?post=3064"},{"taxonomy":"product_tag","embeddable":true,"href":"https:\/\/alfierisuisse.ch\/de\/wp-json\/wp\/v2\/product_tag?post=3064"}],"curies":[{"name":"wp","href":"https:\/\/api.w.org\/{rel}","templated":true}]}}