{"id":3075,"date":"2023-01-25T16:08:45","date_gmt":"2023-01-25T16:08:45","guid":{"rendered":"https:\/\/elisak89.sg-host.com\/prodotto\/biscotti-croccanti-nocciola-e-cioccolato-220-g\/"},"modified":"2026-04-13T14:11:23","modified_gmt":"2026-04-13T14:11:23","slug":"knusprige-haselnuss-schokoladenkekse-220g","status":"publish","type":"product","link":"https:\/\/alfierisuisse.ch\/de\/prodotto\/knusprige-haselnuss-schokoladenkekse-220g\/","title":{"rendered":"BISCOTTI CROCCANTI ALLA NOCCIOLA E CIOCCOLATO 220 G"},"content":{"rendered":"","protected":false},"excerpt":{"rendered":"<p><strong>Knusprige Haselnusskekse mit Schokolade<\/strong><\/p>\n<p><strong>Gewicht<\/strong>: 220 g<\/p>\n<p><strong>Zutaten<\/strong>: gehackte HASELN\u00dcSSE 34%, Zucker, Eiwei\u00df, Honig, Aromen, Salz, Backpulver: Natriumbicarbonat. \u00dcberzug 20%: dunkle Schokolade &#8211; Kakao min. 80% (Kakaomasse, Zucker, Kakaobutter, Emulgator: Sonnenblumenlecithin E322, nat\u00fcrliches Vanillearoma).<\/p>\n","protected":false},"featured_media":4165,"comment_status":"open","ping_status":"closed","template":"","meta":{"_acf_changed":false,"rank_math_lock_modified_date":false},"product_cat":[130],"product_tag":[169],"class_list":{"0":"post-3075","1":"product","2":"type-product","3":"status-publish","4":"has-post-thumbnail","6":"product_cat-susigkeiten-und-honig","7":"product_tag-die-konditorei","9":"first","10":"instock","11":"shipping-taxable","12":"purchasable","13":"product-type-simple"},"acf":[],"_links":{"self":[{"href":"https:\/\/alfierisuisse.ch\/de\/wp-json\/wp\/v2\/product\/3075","targetHints":{"allow":["GET"]}}],"collection":[{"href":"https:\/\/alfierisuisse.ch\/de\/wp-json\/wp\/v2\/product"}],"about":[{"href":"https:\/\/alfierisuisse.ch\/de\/wp-json\/wp\/v2\/types\/product"}],"replies":[{"embeddable":true,"href":"https:\/\/alfierisuisse.ch\/de\/wp-json\/wp\/v2\/comments?post=3075"}],"wp:featuredmedia":[{"embeddable":true,"href":"https:\/\/alfierisuisse.ch\/de\/wp-json\/wp\/v2\/media\/4165"}],"wp:attachment":[{"href":"https:\/\/alfierisuisse.ch\/de\/wp-json\/wp\/v2\/media?parent=3075"}],"wp:term":[{"taxonomy":"product_cat","embeddable":true,"href":"https:\/\/alfierisuisse.ch\/de\/wp-json\/wp\/v2\/product_cat?post=3075"},{"taxonomy":"product_tag","embeddable":true,"href":"https:\/\/alfierisuisse.ch\/de\/wp-json\/wp\/v2\/product_tag?post=3075"}],"curies":[{"name":"wp","href":"https:\/\/api.w.org\/{rel}","templated":true}]}}