{"id":3097,"date":"2023-01-25T16:03:22","date_gmt":"2023-01-25T16:03:22","guid":{"rendered":"https:\/\/elisak89.sg-host.com\/prodotto\/taralli-classici-250-g\/"},"modified":"2023-12-15T12:54:05","modified_gmt":"2023-12-15T12:54:05","slug":"klassische-taralli-250g","status":"publish","type":"product","link":"https:\/\/alfierisuisse.ch\/de\/prodotto\/klassische-taralli-250g\/","title":{"rendered":"Klassische Taralli 250g"},"content":{"rendered":"","protected":false},"excerpt":{"rendered":"<p><strong>Gewicht<\/strong>: 0,25 kg<\/p>\n<p><strong>Zutaten<\/strong>: Weizenmehl, Wei\u00dfwein, Sonnenblumen\u00f6l mit hohem \u00d6ls\u00e4uregehalt, extra natives Oliven\u00f6l (2%), Salz, nat\u00fcrliches Aroma.<\/p>\n","protected":false},"featured_media":1480,"comment_status":"open","ping_status":"closed","template":"","meta":{"_acf_changed":false,"rank_math_lock_modified_date":false},"product_cat":[142],"product_tag":[163],"class_list":{"0":"post-3097","1":"product","2":"type-product","3":"status-publish","4":"has-post-thumbnail","6":"product_cat-grissini-und-fladenbrote","7":"product_tag-brotstangen-brotchen","9":"first","10":"instock","11":"shipping-taxable","12":"purchasable","13":"product-type-simple"},"acf":[],"_links":{"self":[{"href":"https:\/\/alfierisuisse.ch\/de\/wp-json\/wp\/v2\/product\/3097","targetHints":{"allow":["GET"]}}],"collection":[{"href":"https:\/\/alfierisuisse.ch\/de\/wp-json\/wp\/v2\/product"}],"about":[{"href":"https:\/\/alfierisuisse.ch\/de\/wp-json\/wp\/v2\/types\/product"}],"replies":[{"embeddable":true,"href":"https:\/\/alfierisuisse.ch\/de\/wp-json\/wp\/v2\/comments?post=3097"}],"wp:featuredmedia":[{"embeddable":true,"href":"https:\/\/alfierisuisse.ch\/de\/wp-json\/wp\/v2\/media\/1480"}],"wp:attachment":[{"href":"https:\/\/alfierisuisse.ch\/de\/wp-json\/wp\/v2\/media?parent=3097"}],"wp:term":[{"taxonomy":"product_cat","embeddable":true,"href":"https:\/\/alfierisuisse.ch\/de\/wp-json\/wp\/v2\/product_cat?post=3097"},{"taxonomy":"product_tag","embeddable":true,"href":"https:\/\/alfierisuisse.ch\/de\/wp-json\/wp\/v2\/product_tag?post=3097"}],"curies":[{"name":"wp","href":"https:\/\/api.w.org\/{rel}","templated":true}]}}