{"id":3307,"date":"2023-01-25T14:55:25","date_gmt":"2023-01-25T14:55:25","guid":{"rendered":"https:\/\/elisak89.sg-host.com\/prodotto\/pesto-genovese-180-g\/"},"modified":"2023-12-20T10:55:10","modified_gmt":"2023-12-20T10:55:10","slug":"pesto-genovese-180g","status":"publish","type":"product","link":"https:\/\/alfierisuisse.ch\/de\/prodotto\/pesto-genovese-180g\/","title":{"rendered":"Pesto Genovese 180g"},"content":{"rendered":"","protected":false},"excerpt":{"rendered":"<p><strong>Gewicht<\/strong>: 0,18 kg<\/p>\n<p><strong>Zutaten<\/strong>: Oliven\u00f6l, Basilikum DOP Genua 25%, Cashewn\u00fcsse, extra natives Oliven\u00f6l, Salz, Pinienkerne, Grana Padano K\u00e4se (enth\u00e4lt Ei-Lysozym) und Pecorino K\u00e4se, Knoblauch.<\/p>\n","protected":false},"featured_media":1393,"comment_status":"open","ping_status":"closed","template":"","meta":{"_acf_changed":false,"rank_math_lock_modified_date":false},"product_cat":[145],"product_tag":[176],"class_list":{"0":"post-3307","1":"product","2":"type-product","3":"status-publish","4":"has-post-thumbnail","6":"product_cat-saucen","7":"product_tag-pesto-de","9":"first","10":"instock","11":"shipping-taxable","12":"purchasable","13":"product-type-simple"},"acf":[],"_links":{"self":[{"href":"https:\/\/alfierisuisse.ch\/de\/wp-json\/wp\/v2\/product\/3307","targetHints":{"allow":["GET"]}}],"collection":[{"href":"https:\/\/alfierisuisse.ch\/de\/wp-json\/wp\/v2\/product"}],"about":[{"href":"https:\/\/alfierisuisse.ch\/de\/wp-json\/wp\/v2\/types\/product"}],"replies":[{"embeddable":true,"href":"https:\/\/alfierisuisse.ch\/de\/wp-json\/wp\/v2\/comments?post=3307"}],"wp:featuredmedia":[{"embeddable":true,"href":"https:\/\/alfierisuisse.ch\/de\/wp-json\/wp\/v2\/media\/1393"}],"wp:attachment":[{"href":"https:\/\/alfierisuisse.ch\/de\/wp-json\/wp\/v2\/media?parent=3307"}],"wp:term":[{"taxonomy":"product_cat","embeddable":true,"href":"https:\/\/alfierisuisse.ch\/de\/wp-json\/wp\/v2\/product_cat?post=3307"},{"taxonomy":"product_tag","embeddable":true,"href":"https:\/\/alfierisuisse.ch\/de\/wp-json\/wp\/v2\/product_tag?post=3307"}],"curies":[{"name":"wp","href":"https:\/\/api.w.org\/{rel}","templated":true}]}}