{"id":3373,"date":"2023-01-25T14:50:28","date_gmt":"2023-01-25T14:50:28","guid":{"rendered":"https:\/\/elisak89.sg-host.com\/prodotto\/sugo-capriolo-180-g\/"},"modified":"2023-12-20T12:56:59","modified_gmt":"2023-12-20T12:56:59","slug":"hirschsauce-180g-2","status":"publish","type":"product","link":"https:\/\/alfierisuisse.ch\/de\/prodotto\/hirschsauce-180g-2\/","title":{"rendered":"Hirschsauce 180g"},"content":{"rendered":"","protected":false},"excerpt":{"rendered":"<p><b>Gewicht:<\/b> <span id=\"single_product__weight-template-product\">0,18 kg<\/span><\/p>\n<p><strong>Zutaten:<\/strong> Italienische Tomaten, Hirschfleisch, Schweinebacke und Schweinebauch, Karotten, Zwiebeln, Barbera d&#8217;Alba D.O.C. Wein, extra natives Oliven\u00f6l, Zucker, Salz, Sellerie, Gew\u00fcrze, S\u00e4ureregulator: Milchs\u00e4ure.<\/p>\n","protected":false},"featured_media":1357,"comment_status":"open","ping_status":"closed","template":"","meta":{"_acf_changed":false,"rank_math_lock_modified_date":false},"product_cat":[145],"product_tag":[165],"class_list":{"0":"post-3373","1":"product","2":"type-product","3":"status-publish","4":"has-post-thumbnail","6":"product_cat-saucen","7":"product_tag-saucen","9":"first","10":"instock","11":"shipping-taxable","12":"purchasable","13":"product-type-simple"},"acf":[],"_links":{"self":[{"href":"https:\/\/alfierisuisse.ch\/de\/wp-json\/wp\/v2\/product\/3373","targetHints":{"allow":["GET"]}}],"collection":[{"href":"https:\/\/alfierisuisse.ch\/de\/wp-json\/wp\/v2\/product"}],"about":[{"href":"https:\/\/alfierisuisse.ch\/de\/wp-json\/wp\/v2\/types\/product"}],"replies":[{"embeddable":true,"href":"https:\/\/alfierisuisse.ch\/de\/wp-json\/wp\/v2\/comments?post=3373"}],"wp:featuredmedia":[{"embeddable":true,"href":"https:\/\/alfierisuisse.ch\/de\/wp-json\/wp\/v2\/media\/1357"}],"wp:attachment":[{"href":"https:\/\/alfierisuisse.ch\/de\/wp-json\/wp\/v2\/media?parent=3373"}],"wp:term":[{"taxonomy":"product_cat","embeddable":true,"href":"https:\/\/alfierisuisse.ch\/de\/wp-json\/wp\/v2\/product_cat?post=3373"},{"taxonomy":"product_tag","embeddable":true,"href":"https:\/\/alfierisuisse.ch\/de\/wp-json\/wp\/v2\/product_tag?post=3373"}],"curies":[{"name":"wp","href":"https:\/\/api.w.org\/{rel}","templated":true}]}}