{"id":3379,"date":"2023-01-25T14:50:02","date_gmt":"2023-01-25T14:50:02","guid":{"rendered":"https:\/\/elisak89.sg-host.com\/prodotto\/sugo-carne-piemontese-180-g\/"},"modified":"2023-12-20T13:08:58","modified_gmt":"2023-12-20T13:08:58","slug":"piemontesische-fleischsauce-180g","status":"publish","type":"product","link":"https:\/\/alfierisuisse.ch\/de\/prodotto\/piemontesische-fleischsauce-180g\/","title":{"rendered":"Piemontesische Fleischsauce 180g"},"content":{"rendered":"","protected":false},"excerpt":{"rendered":"<p><b>Gewicht:<\/b> <span id=\"single_product__weight-template-product\">0,18 kg<\/span><\/p>\n<p><strong>Zutaten:<\/strong> Italienische Tomaten, Italienisches Fleisch (Piemonteser Rindfleisch, nationales Schweinefleisch und Kaninchen), Zwiebeln, Karotten, Sellerie, Barbera d&#8217;Alba DOC Wein (enth\u00e4lt Sulfite), extra natives Oliven\u00f6l, Salz und aromatische Kr\u00e4uter, S\u00e4ureregulator: Milchs\u00e4ure.<\/p>\n","protected":false},"featured_media":1381,"comment_status":"open","ping_status":"closed","template":"","meta":{"_acf_changed":false,"rank_math_lock_modified_date":false},"product_cat":[145],"product_tag":[165],"class_list":{"0":"post-3379","1":"product","2":"type-product","3":"status-publish","4":"has-post-thumbnail","6":"product_cat-saucen","7":"product_tag-saucen","9":"first","10":"instock","11":"shipping-taxable","12":"purchasable","13":"product-type-simple"},"acf":[],"_links":{"self":[{"href":"https:\/\/alfierisuisse.ch\/de\/wp-json\/wp\/v2\/product\/3379","targetHints":{"allow":["GET"]}}],"collection":[{"href":"https:\/\/alfierisuisse.ch\/de\/wp-json\/wp\/v2\/product"}],"about":[{"href":"https:\/\/alfierisuisse.ch\/de\/wp-json\/wp\/v2\/types\/product"}],"replies":[{"embeddable":true,"href":"https:\/\/alfierisuisse.ch\/de\/wp-json\/wp\/v2\/comments?post=3379"}],"wp:featuredmedia":[{"embeddable":true,"href":"https:\/\/alfierisuisse.ch\/de\/wp-json\/wp\/v2\/media\/1381"}],"wp:attachment":[{"href":"https:\/\/alfierisuisse.ch\/de\/wp-json\/wp\/v2\/media?parent=3379"}],"wp:term":[{"taxonomy":"product_cat","embeddable":true,"href":"https:\/\/alfierisuisse.ch\/de\/wp-json\/wp\/v2\/product_cat?post=3379"},{"taxonomy":"product_tag","embeddable":true,"href":"https:\/\/alfierisuisse.ch\/de\/wp-json\/wp\/v2\/product_tag?post=3379"}],"curies":[{"name":"wp","href":"https:\/\/api.w.org\/{rel}","templated":true}]}}