{"id":3456,"date":"2023-01-25T14:44:44","date_gmt":"2023-01-25T14:44:44","guid":{"rendered":"https:\/\/elisak89.sg-host.com\/prodotto\/cipolla-tonno-e-peperoncino-314-g\/"},"modified":"2026-03-20T14:04:21","modified_gmt":"2026-03-20T14:04:21","slug":"cipolle-zwiebeln-thunfisch-und-chili-314g","status":"publish","type":"product","link":"https:\/\/alfierisuisse.ch\/de\/prodotto\/cipolle-zwiebeln-thunfisch-und-chili-314g\/","title":{"rendered":"CIPOLLE RIPIENE TONNO &#038; PEPERONCINO 280 G"},"content":{"rendered":"","protected":false},"excerpt":{"rendered":"<p><strong>Gef\u00fcllte Zwiebeln mit Thunfisch und Chili<\/strong><\/p>\n<p><b>Gewicht:<\/b> <span id=\"single_product__weight-template-product\">280g \/ 314 ml<\/span><\/p>\n<p><strong>Zutaten:<\/strong> Zwiebeln, Thunfisch, Chili, extra natives Oliven\u00f6l, Essig, Salz, S\u00e4ureregulator: Zitronens\u00e4ure, Milchs\u00e4ure.<\/p>\n","protected":false},"featured_media":4096,"comment_status":"open","ping_status":"closed","template":"","meta":{"_acf_changed":false,"rank_math_lock_modified_date":false},"product_cat":[127],"product_tag":[189],"class_list":{"0":"post-3456","1":"product","2":"type-product","3":"status-publish","4":"has-post-thumbnail","6":"product_cat-vorspeisen-de","7":"product_tag-vorspeisen","9":"first","10":"instock","11":"shipping-taxable","12":"purchasable","13":"product-type-simple"},"acf":[],"_links":{"self":[{"href":"https:\/\/alfierisuisse.ch\/de\/wp-json\/wp\/v2\/product\/3456","targetHints":{"allow":["GET"]}}],"collection":[{"href":"https:\/\/alfierisuisse.ch\/de\/wp-json\/wp\/v2\/product"}],"about":[{"href":"https:\/\/alfierisuisse.ch\/de\/wp-json\/wp\/v2\/types\/product"}],"replies":[{"embeddable":true,"href":"https:\/\/alfierisuisse.ch\/de\/wp-json\/wp\/v2\/comments?post=3456"}],"wp:featuredmedia":[{"embeddable":true,"href":"https:\/\/alfierisuisse.ch\/de\/wp-json\/wp\/v2\/media\/4096"}],"wp:attachment":[{"href":"https:\/\/alfierisuisse.ch\/de\/wp-json\/wp\/v2\/media?parent=3456"}],"wp:term":[{"taxonomy":"product_cat","embeddable":true,"href":"https:\/\/alfierisuisse.ch\/de\/wp-json\/wp\/v2\/product_cat?post=3456"},{"taxonomy":"product_tag","embeddable":true,"href":"https:\/\/alfierisuisse.ch\/de\/wp-json\/wp\/v2\/product_tag?post=3456"}],"curies":[{"name":"wp","href":"https:\/\/api.w.org\/{rel}","templated":true}]}}