{"id":3474,"date":"2023-01-24T09:35:21","date_gmt":"2023-01-24T09:35:21","guid":{"rendered":"https:\/\/elisak89.sg-host.com\/prodotto\/tajarin-tartufo-bianco-scatola-regalo-250-g\/"},"modified":"2023-12-22T10:38:48","modified_gmt":"2023-12-22T10:38:48","slug":"tajarin-mit-weissem-trueffel-geschenkbox-250g","status":"publish","type":"product","link":"https:\/\/alfierisuisse.ch\/de\/prodotto\/tajarin-mit-weissem-trueffel-geschenkbox-250g\/","title":{"rendered":"Tajarin mit wei\u00dfem Tr\u00fcffel Geschenkbox 250g"},"content":{"rendered":"","protected":false},"excerpt":{"rendered":"<p><b>Gewicht:<\/b> <span id=\"single_product__weight-template-product\">0.25 kg<\/span><\/p>\n<p>Zutaten: Hartweizengrie\u00df, pasteurisierte frische Eier, Sommertr\u00fcffel, Tr\u00fcffelaroma, wei\u00dfer Tr\u00fcffel aus Alba, Salz.<\/p>\n","protected":false},"featured_media":1305,"comment_status":"open","ping_status":"closed","template":"","meta":{"_acf_changed":false,"rank_math_lock_modified_date":false},"product_cat":[119,113],"product_tag":[193],"class_list":{"0":"post-3474","1":"product","2":"type-product","3":"status-publish","4":"has-post-thumbnail","6":"product_cat-pasta-de","7":"product_cat-trueffel-spezial","8":"product_tag-geschenkverpackung","10":"first","11":"instock","12":"shipping-taxable","13":"purchasable","14":"product-type-simple"},"acf":[],"_links":{"self":[{"href":"https:\/\/alfierisuisse.ch\/de\/wp-json\/wp\/v2\/product\/3474","targetHints":{"allow":["GET"]}}],"collection":[{"href":"https:\/\/alfierisuisse.ch\/de\/wp-json\/wp\/v2\/product"}],"about":[{"href":"https:\/\/alfierisuisse.ch\/de\/wp-json\/wp\/v2\/types\/product"}],"replies":[{"embeddable":true,"href":"https:\/\/alfierisuisse.ch\/de\/wp-json\/wp\/v2\/comments?post=3474"}],"wp:featuredmedia":[{"embeddable":true,"href":"https:\/\/alfierisuisse.ch\/de\/wp-json\/wp\/v2\/media\/1305"}],"wp:attachment":[{"href":"https:\/\/alfierisuisse.ch\/de\/wp-json\/wp\/v2\/media?parent=3474"}],"wp:term":[{"taxonomy":"product_cat","embeddable":true,"href":"https:\/\/alfierisuisse.ch\/de\/wp-json\/wp\/v2\/product_cat?post=3474"},{"taxonomy":"product_tag","embeddable":true,"href":"https:\/\/alfierisuisse.ch\/de\/wp-json\/wp\/v2\/product_tag?post=3474"}],"curies":[{"name":"wp","href":"https:\/\/api.w.org\/{rel}","templated":true}]}}