{"id":3504,"date":"2023-01-24T09:33:33","date_gmt":"2023-01-24T09:33:33","guid":{"rendered":"https:\/\/elisak89.sg-host.com\/prodotto\/gnocchetti-500g\/"},"modified":"2023-12-27T14:30:59","modified_gmt":"2023-12-27T14:30:59","slug":"gnocchetti-500g","status":"publish","type":"product","link":"https:\/\/alfierisuisse.ch\/de\/prodotto\/gnocchetti-500g\/","title":{"rendered":"Gnocchetti 500g"},"content":{"rendered":"","protected":false},"excerpt":{"rendered":"<p><b>Gewicht:<\/b> 500g<\/p>\n<p><strong>Zutaten:<\/strong> Rehydrierte Kartoffeln 90% (Wasser, Kartoffelflocken), Weichweizenmehl Type &#8217;00&#8216;, granulare Kartoffelst\u00e4rke, Salz. Konservierungsstoff: Sorbins\u00e4ure. S\u00e4ureregulator: Zitronens\u00e4ure. Best\u00e4ubt mit Maismehl.<\/p>\n","protected":false},"featured_media":1722,"comment_status":"open","ping_status":"closed","template":"","meta":{"_acf_changed":false,"rank_math_lock_modified_date":false},"product_cat":[119],"product_tag":[241],"class_list":{"0":"post-3504","1":"product","2":"type-product","3":"status-publish","4":"has-post-thumbnail","6":"product_cat-pasta-de","7":"product_tag-gli-gnocchi-a-lunga-conservazione-de","9":"first","10":"instock","11":"shipping-taxable","12":"purchasable","13":"product-type-simple"},"acf":[],"_links":{"self":[{"href":"https:\/\/alfierisuisse.ch\/de\/wp-json\/wp\/v2\/product\/3504","targetHints":{"allow":["GET"]}}],"collection":[{"href":"https:\/\/alfierisuisse.ch\/de\/wp-json\/wp\/v2\/product"}],"about":[{"href":"https:\/\/alfierisuisse.ch\/de\/wp-json\/wp\/v2\/types\/product"}],"replies":[{"embeddable":true,"href":"https:\/\/alfierisuisse.ch\/de\/wp-json\/wp\/v2\/comments?post=3504"}],"wp:featuredmedia":[{"embeddable":true,"href":"https:\/\/alfierisuisse.ch\/de\/wp-json\/wp\/v2\/media\/1722"}],"wp:attachment":[{"href":"https:\/\/alfierisuisse.ch\/de\/wp-json\/wp\/v2\/media?parent=3504"}],"wp:term":[{"taxonomy":"product_cat","embeddable":true,"href":"https:\/\/alfierisuisse.ch\/de\/wp-json\/wp\/v2\/product_cat?post=3504"},{"taxonomy":"product_tag","embeddable":true,"href":"https:\/\/alfierisuisse.ch\/de\/wp-json\/wp\/v2\/product_tag?post=3504"}],"curies":[{"name":"wp","href":"https:\/\/api.w.org\/{rel}","templated":true}]}}