{"id":3527,"date":"2023-01-24T09:30:56","date_gmt":"2023-01-24T09:30:56","guid":{"rendered":"https:\/\/elisak89.sg-host.com\/prodotto\/raviolini-secchi-prosciutto-crudo-500g\/"},"modified":"2023-12-28T21:03:37","modified_gmt":"2023-12-28T21:03:37","slug":"raviolini-secchi-prosciutto-crudo-500g","status":"publish","type":"product","link":"https:\/\/alfierisuisse.ch\/de\/prodotto\/raviolini-secchi-prosciutto-crudo-500g\/","title":{"rendered":"500g getrocknete Fleischravioli"},"content":{"rendered":"","protected":false},"excerpt":{"rendered":"<p><strong>PRODUKTBESCHREIBUNG:<\/strong> D\u00fcnner Teig aus Eiern gef\u00fcllt mit einer Mischung aus Schweinefleisch und rohem Schinken. Das Produkt durchl\u00e4uft einen vorbeugenden Pasteurisierungsprozess bei 85\u00b0C f\u00fcr 3&#8217;30&#8220; und anschlie\u00dfendes Trocknen f\u00fcr 16 Stunden bei etwa 67\u00b0C sowie ein Abk\u00fchlen f\u00fcr 20 Minuten bei etwa 15\u00b0C.<\/p>\n<p><b>Gewicht:<\/b> 500g<\/p>\n<p><strong>Zutaten :<\/strong> Teig (72%) : Hartweizengrie\u00df, Eier von Freilandh\u00fchnern (19,4% auf dem Teig). F\u00fcllung (28%) : Mortadella (45,3% in der F\u00fcllung) (Schweinefleisch, Schweinefett, Salz, Gew\u00fcrze, nat\u00fcrliche Aromen), Paniermehl (Weichweizenmehl Typ &#8222;O&#8220;, Salz), Margarine [Kokosfett, pflanzliche \u00d6le (Sonnenblume, Soja, Raps), Wasser], roher Schinken (3,1% in der F\u00fcllung) (Schweinefleisch, Salz), Salz, Aromen, geschmolzener K\u00e4se in Pulverform (Milch, Molke, Salz, Enzyme), Gew\u00fcrze.<\/p>\n","protected":false},"featured_media":2026,"comment_status":"open","ping_status":"closed","template":"","meta":{"_acf_changed":false,"rank_math_lock_modified_date":false},"product_cat":[119],"product_tag":[192],"class_list":{"0":"post-3527","1":"product","2":"type-product","3":"status-publish","4":"has-post-thumbnail","6":"product_cat-pasta-de","7":"product_tag-gefullte-nudeln-mit-trockenei","9":"first","10":"instock","11":"shipping-taxable","12":"purchasable","13":"product-type-simple"},"acf":[],"_links":{"self":[{"href":"https:\/\/alfierisuisse.ch\/de\/wp-json\/wp\/v2\/product\/3527","targetHints":{"allow":["GET"]}}],"collection":[{"href":"https:\/\/alfierisuisse.ch\/de\/wp-json\/wp\/v2\/product"}],"about":[{"href":"https:\/\/alfierisuisse.ch\/de\/wp-json\/wp\/v2\/types\/product"}],"replies":[{"embeddable":true,"href":"https:\/\/alfierisuisse.ch\/de\/wp-json\/wp\/v2\/comments?post=3527"}],"wp:featuredmedia":[{"embeddable":true,"href":"https:\/\/alfierisuisse.ch\/de\/wp-json\/wp\/v2\/media\/2026"}],"wp:attachment":[{"href":"https:\/\/alfierisuisse.ch\/de\/wp-json\/wp\/v2\/media?parent=3527"}],"wp:term":[{"taxonomy":"product_cat","embeddable":true,"href":"https:\/\/alfierisuisse.ch\/de\/wp-json\/wp\/v2\/product_cat?post=3527"},{"taxonomy":"product_tag","embeddable":true,"href":"https:\/\/alfierisuisse.ch\/de\/wp-json\/wp\/v2\/product_tag?post=3527"}],"curies":[{"name":"wp","href":"https:\/\/api.w.org\/{rel}","templated":true}]}}