{"id":3683,"date":"2023-01-24T09:10:20","date_gmt":"2023-01-24T09:10:20","guid":{"rendered":"https:\/\/elisak89.sg-host.com\/prodotto\/riccioli-con-fette-tartufo-e-funghi-250-g\/"},"modified":"2024-01-03T11:40:17","modified_gmt":"2024-01-03T11:40:17","slug":"ei-nudeln-mit-trueffelscheiben-und-pilzen-250g","status":"publish","type":"product","link":"https:\/\/alfierisuisse.ch\/de\/prodotto\/ei-nudeln-mit-trueffelscheiben-und-pilzen-250g\/","title":{"rendered":"Ei-Nudeln mit Tr\u00fcffelscheiben und Pilzen, 250g"},"content":{"rendered":"","protected":false},"excerpt":{"rendered":"<p>Ei-Hartweizennudeln 95% [Hartweizengrie\u00df, frische pasteurisierte EIER VON BODENHALTUNG (26%)], getrocknete Steinpilze (Boletus Edulis), Sommertr\u00fcffelscheiben (Tuber Aestivum Vitt.) 1,5%, getrocknete Petersilie, getrockneter Schnittlauch, Tr\u00fcffelaroma.<\/p>\n","protected":false},"featured_media":2010,"comment_status":"open","ping_status":"closed","template":"","meta":{"_acf_changed":false,"rank_math_lock_modified_date":false},"product_cat":[119,113],"product_tag":[202],"class_list":{"0":"post-3683","1":"product","2":"type-product","3":"status-publish","4":"has-post-thumbnail","6":"product_cat-pasta-de","7":"product_cat-trueffel-spezial","8":"product_tag-die-locken","10":"first","11":"instock","12":"shipping-taxable","13":"purchasable","14":"product-type-simple"},"acf":[],"_links":{"self":[{"href":"https:\/\/alfierisuisse.ch\/de\/wp-json\/wp\/v2\/product\/3683","targetHints":{"allow":["GET"]}}],"collection":[{"href":"https:\/\/alfierisuisse.ch\/de\/wp-json\/wp\/v2\/product"}],"about":[{"href":"https:\/\/alfierisuisse.ch\/de\/wp-json\/wp\/v2\/types\/product"}],"replies":[{"embeddable":true,"href":"https:\/\/alfierisuisse.ch\/de\/wp-json\/wp\/v2\/comments?post=3683"}],"wp:featuredmedia":[{"embeddable":true,"href":"https:\/\/alfierisuisse.ch\/de\/wp-json\/wp\/v2\/media\/2010"}],"wp:attachment":[{"href":"https:\/\/alfierisuisse.ch\/de\/wp-json\/wp\/v2\/media?parent=3683"}],"wp:term":[{"taxonomy":"product_cat","embeddable":true,"href":"https:\/\/alfierisuisse.ch\/de\/wp-json\/wp\/v2\/product_cat?post=3683"},{"taxonomy":"product_tag","embeddable":true,"href":"https:\/\/alfierisuisse.ch\/de\/wp-json\/wp\/v2\/product_tag?post=3683"}],"curies":[{"name":"wp","href":"https:\/\/api.w.org\/{rel}","templated":true}]}}