{"id":2833,"date":"2023-02-07T14:42:17","date_gmt":"2023-02-07T14:42:17","guid":{"rendered":"https:\/\/elisak89.sg-host.com\/prodotto\/olio-extravergine-fasciato-oro-100-italiano-500-ml\/"},"modified":"2023-12-14T12:59:40","modified_gmt":"2023-12-14T12:59:40","slug":"huile-dolive-extra-vierge-100-italienne-500-ml","status":"publish","type":"product","link":"https:\/\/alfierisuisse.ch\/fr\/prodotto\/huile-dolive-extra-vierge-100-italienne-500-ml\/","title":{"rendered":"Huile d&rsquo;olive extra vierge 100% italienne 500 ml"},"content":{"rendered":"","protected":false},"excerpt":{"rendered":"<p><b>Poids :<\/b> 500g<\/p>\n<p><strong>Ingr\u00e9dients :<\/strong> produit \u00e0 partir de la pression d&rsquo;olives s\u00e9lectionn\u00e9es<\/p>\n","protected":false},"featured_media":1753,"comment_status":"open","ping_status":"closed","template":"","meta":{"_acf_changed":false,"rank_math_lock_modified_date":false},"product_cat":[123],"product_tag":[124],"class_list":{"0":"post-2833","1":"product","2":"type-product","3":"status-publish","4":"has-post-thumbnail","6":"product_cat-huile-et-vinaigre","7":"product_tag-lolio-fr","9":"first","10":"instock","11":"shipping-taxable","12":"purchasable","13":"product-type-simple"},"acf":[],"_links":{"self":[{"href":"https:\/\/alfierisuisse.ch\/fr\/wp-json\/wp\/v2\/product\/2833","targetHints":{"allow":["GET"]}}],"collection":[{"href":"https:\/\/alfierisuisse.ch\/fr\/wp-json\/wp\/v2\/product"}],"about":[{"href":"https:\/\/alfierisuisse.ch\/fr\/wp-json\/wp\/v2\/types\/product"}],"replies":[{"embeddable":true,"href":"https:\/\/alfierisuisse.ch\/fr\/wp-json\/wp\/v2\/comments?post=2833"}],"wp:featuredmedia":[{"embeddable":true,"href":"https:\/\/alfierisuisse.ch\/fr\/wp-json\/wp\/v2\/media\/1753"}],"wp:attachment":[{"href":"https:\/\/alfierisuisse.ch\/fr\/wp-json\/wp\/v2\/media?parent=2833"}],"wp:term":[{"taxonomy":"product_cat","embeddable":true,"href":"https:\/\/alfierisuisse.ch\/fr\/wp-json\/wp\/v2\/product_cat?post=2833"},{"taxonomy":"product_tag","embeddable":true,"href":"https:\/\/alfierisuisse.ch\/fr\/wp-json\/wp\/v2\/product_tag?post=2833"}],"curies":[{"name":"wp","href":"https:\/\/api.w.org\/{rel}","templated":true}]}}