{"id":3000,"date":"2023-01-25T16:16:45","date_gmt":"2023-01-25T16:16:45","guid":{"rendered":"https:\/\/elisak89.sg-host.com\/prodotto\/zabaione-classico-al-marsala-220-g\/"},"modified":"2026-04-17T16:16:28","modified_gmt":"2026-04-17T16:16:28","slug":"zabaione-classique-au-marsala-220-g","status":"publish","type":"product","link":"https:\/\/alfierisuisse.ch\/fr\/prodotto\/zabaione-classique-au-marsala-220-g\/","title":{"rendered":"ZABAIONE CLASSICO AL MARSALA 220 G"},"content":{"rendered":"","protected":false},"excerpt":{"rendered":"<p><strong>Dessert italien \u00ab\u00a0Zabaione\u00a0\u00bb avec vin Marsala<\/strong><\/p>\n<p><b>Poids :<\/b> <span id=\"single_product__weight-template-product\">220 g<\/span><\/p>\n<p><strong>Ingr\u00e9dients :<\/strong> sucre, vin Marsala, jaune d&rsquo;\u0153uf pasteuris\u00e9, vin Moscato, cr\u00e8me, amidon de ma\u00efs, rhum, vanilline.<\/p>\n","protected":false},"featured_media":4205,"comment_status":"open","ping_status":"closed","template":"","meta":{"_acf_changed":false,"rank_math_lock_modified_date":false},"product_cat":[129],"product_tag":[207],"class_list":{"0":"post-3000","1":"product","2":"type-product","3":"status-publish","4":"has-post-thumbnail","6":"product_cat-desserts-et-miel","7":"product_tag-le-creme-golose-fr","9":"first","10":"instock","11":"shipping-taxable","12":"purchasable","13":"product-type-simple"},"acf":[],"_links":{"self":[{"href":"https:\/\/alfierisuisse.ch\/fr\/wp-json\/wp\/v2\/product\/3000","targetHints":{"allow":["GET"]}}],"collection":[{"href":"https:\/\/alfierisuisse.ch\/fr\/wp-json\/wp\/v2\/product"}],"about":[{"href":"https:\/\/alfierisuisse.ch\/fr\/wp-json\/wp\/v2\/types\/product"}],"replies":[{"embeddable":true,"href":"https:\/\/alfierisuisse.ch\/fr\/wp-json\/wp\/v2\/comments?post=3000"}],"wp:featuredmedia":[{"embeddable":true,"href":"https:\/\/alfierisuisse.ch\/fr\/wp-json\/wp\/v2\/media\/4205"}],"wp:attachment":[{"href":"https:\/\/alfierisuisse.ch\/fr\/wp-json\/wp\/v2\/media?parent=3000"}],"wp:term":[{"taxonomy":"product_cat","embeddable":true,"href":"https:\/\/alfierisuisse.ch\/fr\/wp-json\/wp\/v2\/product_cat?post=3000"},{"taxonomy":"product_tag","embeddable":true,"href":"https:\/\/alfierisuisse.ch\/fr\/wp-json\/wp\/v2\/product_tag?post=3000"}],"curies":[{"name":"wp","href":"https:\/\/api.w.org\/{rel}","templated":true}]}}