{"id":3044,"date":"2023-01-25T16:12:37","date_gmt":"2023-01-25T16:12:37","guid":{"rendered":"https:\/\/elisak89.sg-host.com\/prodotto\/tartufi-dolci-neri-incartati-200-g\/"},"modified":"2026-04-17T15:41:02","modified_gmt":"2026-04-17T15:41:02","slug":"truffes-sucrees-noires-emballees-200-g","status":"publish","type":"product","link":"https:\/\/alfierisuisse.ch\/fr\/prodotto\/truffes-sucrees-noires-emballees-200-g\/","title":{"rendered":"TARTUFI DOLCI NERI 200 G"},"content":{"rendered":"","protected":false},"excerpt":{"rendered":"<p><strong>Truffes au chocolat noir<\/strong><\/p>\n<p><strong>Poids<\/strong>: 200g<\/p>\n<p><strong>Ingr\u00e9dients<\/strong> : <em>Ext\u00e9rieur<\/em>: chocolat noir 27% (masse de cacao, sucre, beurre de cacao, \u00e9mulsifiant: l\u00e9cithine de soja, extrait naturel de vanille. Cacao min.: 60%), cacao en poudre, beurre de cacao. <em>Int\u00e9rieur<\/em>: chocolat au lait (sucre, beurre de cacao, lait en poudre entier, masse de cacao, \u00e9mulsifiant: l\u00e9cithine de soja, extrait naturel de vanille. Cacao min.: 35%), noisettes 30%.<\/p>\n","protected":false},"featured_media":1765,"comment_status":"open","ping_status":"closed","template":"","meta":{"_acf_changed":false,"rank_math_lock_modified_date":false},"product_cat":[129],"product_tag":[216],"class_list":{"0":"post-3044","1":"product","2":"type-product","3":"status-publish","4":"has-post-thumbnail","6":"product_cat-desserts-et-miel","7":"product_tag-le-praline-fr","9":"first","10":"instock","11":"shipping-taxable","12":"purchasable","13":"product-type-simple"},"acf":[],"_links":{"self":[{"href":"https:\/\/alfierisuisse.ch\/fr\/wp-json\/wp\/v2\/product\/3044","targetHints":{"allow":["GET"]}}],"collection":[{"href":"https:\/\/alfierisuisse.ch\/fr\/wp-json\/wp\/v2\/product"}],"about":[{"href":"https:\/\/alfierisuisse.ch\/fr\/wp-json\/wp\/v2\/types\/product"}],"replies":[{"embeddable":true,"href":"https:\/\/alfierisuisse.ch\/fr\/wp-json\/wp\/v2\/comments?post=3044"}],"wp:featuredmedia":[{"embeddable":true,"href":"https:\/\/alfierisuisse.ch\/fr\/wp-json\/wp\/v2\/media\/1765"}],"wp:attachment":[{"href":"https:\/\/alfierisuisse.ch\/fr\/wp-json\/wp\/v2\/media?parent=3044"}],"wp:term":[{"taxonomy":"product_cat","embeddable":true,"href":"https:\/\/alfierisuisse.ch\/fr\/wp-json\/wp\/v2\/product_cat?post=3044"},{"taxonomy":"product_tag","embeddable":true,"href":"https:\/\/alfierisuisse.ch\/fr\/wp-json\/wp\/v2\/product_tag?post=3044"}],"curies":[{"name":"wp","href":"https:\/\/api.w.org\/{rel}","templated":true}]}}