{"id":3074,"date":"2023-01-25T16:08:45","date_gmt":"2023-01-25T16:08:45","guid":{"rendered":"https:\/\/elisak89.sg-host.com\/prodotto\/biscotti-croccanti-nocciola-e-cioccolato-220-g\/"},"modified":"2026-04-13T10:00:55","modified_gmt":"2026-04-13T10:00:55","slug":"biscuits-croquants-a-la-noisette-et-au-chocolat-220g","status":"publish","type":"product","link":"https:\/\/alfierisuisse.ch\/fr\/prodotto\/biscuits-croquants-a-la-noisette-et-au-chocolat-220g\/","title":{"rendered":"BISCOTTI CROCCANTI ALLA NOCCIOLA E CIOCCOLATO 220 G"},"content":{"rendered":"","protected":false},"excerpt":{"rendered":"<p><strong>Biscuits croquants aux noisettes avec chocolat<\/strong><\/p>\n<p><strong>Poids<\/strong>: 220 g<\/p>\n<p><strong>Ingr\u00e9dients<\/strong>: NOISETTES hach\u00e9es (34%), sucre, blanc d&rsquo;\u0152UF, BL\u00c9, ar\u00f4mes, sel, agent levant: bicarbonate de sodium. Enrobage 20 % : chocolat noir &#8211; cacao min 80% &#8211; (p\u00e2te de cacao, sucre, beurre de cacao, \u00e9mulsifiant: l\u00e9cithine de tournesol E322, ar\u00f4me naturel de vanille).<\/p>\n","protected":false},"featured_media":4164,"comment_status":"open","ping_status":"closed","template":"","meta":{"_acf_changed":false,"rank_math_lock_modified_date":false},"product_cat":[129],"product_tag":[160],"class_list":{"0":"post-3074","1":"product","2":"type-product","3":"status-publish","4":"has-post-thumbnail","6":"product_cat-desserts-et-miel","7":"product_tag-la-patisserie","9":"first","10":"instock","11":"shipping-taxable","12":"purchasable","13":"product-type-simple"},"acf":[],"_links":{"self":[{"href":"https:\/\/alfierisuisse.ch\/fr\/wp-json\/wp\/v2\/product\/3074","targetHints":{"allow":["GET"]}}],"collection":[{"href":"https:\/\/alfierisuisse.ch\/fr\/wp-json\/wp\/v2\/product"}],"about":[{"href":"https:\/\/alfierisuisse.ch\/fr\/wp-json\/wp\/v2\/types\/product"}],"replies":[{"embeddable":true,"href":"https:\/\/alfierisuisse.ch\/fr\/wp-json\/wp\/v2\/comments?post=3074"}],"wp:featuredmedia":[{"embeddable":true,"href":"https:\/\/alfierisuisse.ch\/fr\/wp-json\/wp\/v2\/media\/4164"}],"wp:attachment":[{"href":"https:\/\/alfierisuisse.ch\/fr\/wp-json\/wp\/v2\/media?parent=3074"}],"wp:term":[{"taxonomy":"product_cat","embeddable":true,"href":"https:\/\/alfierisuisse.ch\/fr\/wp-json\/wp\/v2\/product_cat?post=3074"},{"taxonomy":"product_tag","embeddable":true,"href":"https:\/\/alfierisuisse.ch\/fr\/wp-json\/wp\/v2\/product_tag?post=3074"}],"curies":[{"name":"wp","href":"https:\/\/api.w.org\/{rel}","templated":true}]}}