{"id":3096,"date":"2023-01-25T16:03:22","date_gmt":"2023-01-25T16:03:22","guid":{"rendered":"https:\/\/elisak89.sg-host.com\/prodotto\/taralli-classici-250-g\/"},"modified":"2023-12-15T12:53:00","modified_gmt":"2023-12-15T12:53:00","slug":"taralli-classiques-250g","status":"publish","type":"product","link":"https:\/\/alfierisuisse.ch\/fr\/prodotto\/taralli-classiques-250g\/","title":{"rendered":"Taralli classiques 250g"},"content":{"rendered":"","protected":false},"excerpt":{"rendered":"<p><strong>Poids<\/strong> : 0,25 kg<\/p>\n<p><strong>Ingr\u00e9dients<\/strong> : Farine de bl\u00e9, vin blanc, huile de tournesol haute teneur en acide ol\u00e9ique, huile d&rsquo;olive extra vierge (2%), sel, ar\u00f4me naturel.<\/p>\n","protected":false},"featured_media":1479,"comment_status":"open","ping_status":"closed","template":"","meta":{"_acf_changed":false,"rank_math_lock_modified_date":false},"product_cat":[141],"product_tag":[170],"class_list":{"0":"post-3096","1":"product","2":"type-product","3":"status-publish","4":"has-post-thumbnail","6":"product_cat-grissini-et-fougasses","7":"product_tag-batonnets-de-pain-brioches","9":"first","10":"instock","11":"shipping-taxable","12":"purchasable","13":"product-type-simple"},"acf":[],"_links":{"self":[{"href":"https:\/\/alfierisuisse.ch\/fr\/wp-json\/wp\/v2\/product\/3096","targetHints":{"allow":["GET"]}}],"collection":[{"href":"https:\/\/alfierisuisse.ch\/fr\/wp-json\/wp\/v2\/product"}],"about":[{"href":"https:\/\/alfierisuisse.ch\/fr\/wp-json\/wp\/v2\/types\/product"}],"replies":[{"embeddable":true,"href":"https:\/\/alfierisuisse.ch\/fr\/wp-json\/wp\/v2\/comments?post=3096"}],"wp:featuredmedia":[{"embeddable":true,"href":"https:\/\/alfierisuisse.ch\/fr\/wp-json\/wp\/v2\/media\/1479"}],"wp:attachment":[{"href":"https:\/\/alfierisuisse.ch\/fr\/wp-json\/wp\/v2\/media?parent=3096"}],"wp:term":[{"taxonomy":"product_cat","embeddable":true,"href":"https:\/\/alfierisuisse.ch\/fr\/wp-json\/wp\/v2\/product_cat?post=3096"},{"taxonomy":"product_tag","embeddable":true,"href":"https:\/\/alfierisuisse.ch\/fr\/wp-json\/wp\/v2\/product_tag?post=3096"}],"curies":[{"name":"wp","href":"https:\/\/api.w.org\/{rel}","templated":true}]}}