{"id":3110,"date":"2023-01-25T16:02:22","date_gmt":"2023-01-25T16:02:22","guid":{"rendered":"https:\/\/elisak89.sg-host.com\/prodotto\/schiacciatine-alla-cipolla-200-g\/"},"modified":"2023-12-15T13:26:57","modified_gmt":"2023-12-15T13:26:57","slug":"schiacciatine-alla-cipolla-200-g","status":"publish","type":"product","link":"https:\/\/alfierisuisse.ch\/fr\/prodotto\/schiacciatine-alla-cipolla-200-g\/","title":{"rendered":"Schiacciatine alla cipolla 200g"},"content":{"rendered":"","protected":false},"excerpt":{"rendered":"<p><strong>Poids<\/strong> : 200g<\/p>\n<p><strong>Ingr\u00e9dients<\/strong> : Farine de BL\u00c9 tendre type &rsquo;00&rsquo;, eau, huile d&rsquo;olive extra vierge, Biga (farine de BL\u00c9, levain, eau), levure de bi\u00e8re, farine de BL\u00c9 malt\u00e9, sel, oignons cuits au four.<\/p>\n","protected":false},"featured_media":1749,"comment_status":"open","ping_status":"closed","template":"","meta":{"_acf_changed":false,"rank_math_lock_modified_date":false},"product_cat":[141],"product_tag":[170],"class_list":{"0":"post-3110","1":"product","2":"type-product","3":"status-publish","4":"has-post-thumbnail","6":"product_cat-grissini-et-fougasses","7":"product_tag-batonnets-de-pain-brioches","9":"first","10":"instock","11":"shipping-taxable","12":"purchasable","13":"product-type-simple"},"acf":[],"_links":{"self":[{"href":"https:\/\/alfierisuisse.ch\/fr\/wp-json\/wp\/v2\/product\/3110","targetHints":{"allow":["GET"]}}],"collection":[{"href":"https:\/\/alfierisuisse.ch\/fr\/wp-json\/wp\/v2\/product"}],"about":[{"href":"https:\/\/alfierisuisse.ch\/fr\/wp-json\/wp\/v2\/types\/product"}],"replies":[{"embeddable":true,"href":"https:\/\/alfierisuisse.ch\/fr\/wp-json\/wp\/v2\/comments?post=3110"}],"wp:featuredmedia":[{"embeddable":true,"href":"https:\/\/alfierisuisse.ch\/fr\/wp-json\/wp\/v2\/media\/1749"}],"wp:attachment":[{"href":"https:\/\/alfierisuisse.ch\/fr\/wp-json\/wp\/v2\/media?parent=3110"}],"wp:term":[{"taxonomy":"product_cat","embeddable":true,"href":"https:\/\/alfierisuisse.ch\/fr\/wp-json\/wp\/v2\/product_cat?post=3110"},{"taxonomy":"product_tag","embeddable":true,"href":"https:\/\/alfierisuisse.ch\/fr\/wp-json\/wp\/v2\/product_tag?post=3110"}],"curies":[{"name":"wp","href":"https:\/\/api.w.org\/{rel}","templated":true}]}}