{"id":3116,"date":"2023-01-25T16:02:06","date_gmt":"2023-01-25T16:02:06","guid":{"rendered":"https:\/\/elisak89.sg-host.com\/prodotto\/schiacciatine-alla-nduja-200-g\/"},"modified":"2023-12-15T14:20:57","modified_gmt":"2023-12-15T14:20:57","slug":"pain-plat-a-la-nduja-200g","status":"publish","type":"product","link":"https:\/\/alfierisuisse.ch\/fr\/prodotto\/pain-plat-a-la-nduja-200g\/","title":{"rendered":"Pain plat \u00e0 la &lsquo;nduja 200g"},"content":{"rendered":"","protected":false},"excerpt":{"rendered":"<p><strong>Poids <\/strong>: 0,2 kg<\/p>\n<p><strong>Ingr\u00e9dients <\/strong>: Farine de bl\u00e9 type 00, eau, huile d&rsquo;olive, levure, sel, extrait de malt, &lsquo;nduja \u00e9pic\u00e9e.<\/p>\n","protected":false},"featured_media":1485,"comment_status":"open","ping_status":"closed","template":"","meta":{"_acf_changed":false,"rank_math_lock_modified_date":false},"product_cat":[141],"product_tag":[170],"class_list":{"0":"post-3116","1":"product","2":"type-product","3":"status-publish","4":"has-post-thumbnail","6":"product_cat-grissini-et-fougasses","7":"product_tag-batonnets-de-pain-brioches","9":"first","10":"instock","11":"shipping-taxable","12":"purchasable","13":"product-type-simple"},"acf":[],"_links":{"self":[{"href":"https:\/\/alfierisuisse.ch\/fr\/wp-json\/wp\/v2\/product\/3116","targetHints":{"allow":["GET"]}}],"collection":[{"href":"https:\/\/alfierisuisse.ch\/fr\/wp-json\/wp\/v2\/product"}],"about":[{"href":"https:\/\/alfierisuisse.ch\/fr\/wp-json\/wp\/v2\/types\/product"}],"replies":[{"embeddable":true,"href":"https:\/\/alfierisuisse.ch\/fr\/wp-json\/wp\/v2\/comments?post=3116"}],"wp:featuredmedia":[{"embeddable":true,"href":"https:\/\/alfierisuisse.ch\/fr\/wp-json\/wp\/v2\/media\/1485"}],"wp:attachment":[{"href":"https:\/\/alfierisuisse.ch\/fr\/wp-json\/wp\/v2\/media?parent=3116"}],"wp:term":[{"taxonomy":"product_cat","embeddable":true,"href":"https:\/\/alfierisuisse.ch\/fr\/wp-json\/wp\/v2\/product_cat?post=3116"},{"taxonomy":"product_tag","embeddable":true,"href":"https:\/\/alfierisuisse.ch\/fr\/wp-json\/wp\/v2\/product_tag?post=3116"}],"curies":[{"name":"wp","href":"https:\/\/api.w.org\/{rel}","templated":true}]}}