{"id":3135,"date":"2023-01-25T16:01:03","date_gmt":"2023-01-25T16:01:03","guid":{"rendered":"https:\/\/elisak89.sg-host.com\/prodotto\/schiacciatine-allolio-di-oliva-200-g\/"},"modified":"2023-12-15T16:18:02","modified_gmt":"2023-12-15T16:18:02","slug":"pain-plat-a-lhuile-dolive-200g","status":"publish","type":"product","link":"https:\/\/alfierisuisse.ch\/fr\/prodotto\/pain-plat-a-lhuile-dolive-200g\/","title":{"rendered":"Pain plat \u00e0 l&rsquo;huile d&rsquo;olive 200g"},"content":{"rendered":"","protected":false},"excerpt":{"rendered":"<p><strong>Poids <\/strong>: 200g<\/p>\n<p><strong>Ingr\u00e9dients <\/strong>: Farine de BL\u00c9 tendre type &rsquo;00&rsquo;, eau, huile d&rsquo;olive extra vierge, Biga (farine de BL\u00c9, levain, eau), levure de bi\u00e8re, farine de BL\u00c9 malt\u00e9, sel, oignons cuits au four.<\/p>\n","protected":false},"featured_media":1745,"comment_status":"open","ping_status":"closed","template":"","meta":{"_acf_changed":false,"rank_math_lock_modified_date":false},"product_cat":[141],"product_tag":[170],"class_list":{"0":"post-3135","1":"product","2":"type-product","3":"status-publish","4":"has-post-thumbnail","6":"product_cat-grissini-et-fougasses","7":"product_tag-batonnets-de-pain-brioches","9":"first","10":"instock","11":"shipping-taxable","12":"purchasable","13":"product-type-simple"},"acf":[],"_links":{"self":[{"href":"https:\/\/alfierisuisse.ch\/fr\/wp-json\/wp\/v2\/product\/3135","targetHints":{"allow":["GET"]}}],"collection":[{"href":"https:\/\/alfierisuisse.ch\/fr\/wp-json\/wp\/v2\/product"}],"about":[{"href":"https:\/\/alfierisuisse.ch\/fr\/wp-json\/wp\/v2\/types\/product"}],"replies":[{"embeddable":true,"href":"https:\/\/alfierisuisse.ch\/fr\/wp-json\/wp\/v2\/comments?post=3135"}],"wp:featuredmedia":[{"embeddable":true,"href":"https:\/\/alfierisuisse.ch\/fr\/wp-json\/wp\/v2\/media\/1745"}],"wp:attachment":[{"href":"https:\/\/alfierisuisse.ch\/fr\/wp-json\/wp\/v2\/media?parent=3135"}],"wp:term":[{"taxonomy":"product_cat","embeddable":true,"href":"https:\/\/alfierisuisse.ch\/fr\/wp-json\/wp\/v2\/product_cat?post=3135"},{"taxonomy":"product_tag","embeddable":true,"href":"https:\/\/alfierisuisse.ch\/fr\/wp-json\/wp\/v2\/product_tag?post=3135"}],"curies":[{"name":"wp","href":"https:\/\/api.w.org\/{rel}","templated":true}]}}