{"id":3158,"date":"2023-01-25T15:59:28","date_gmt":"2023-01-25T15:59:28","guid":{"rendered":"https:\/\/elisak89.sg-host.com\/prodotto\/grissini-mais-stirati-a-mano-150-g\/"},"modified":"2023-12-18T12:59:14","modified_gmt":"2023-12-18T12:59:14","slug":"grissini-au-mais-etires-a-la-main-150g","status":"publish","type":"product","link":"https:\/\/alfierisuisse.ch\/fr\/prodotto\/grissini-au-mais-etires-a-la-main-150g\/","title":{"rendered":"Grissini au ma\u00efs \u00e9tir\u00e9s \u00e0 la main 150g"},"content":{"rendered":"","protected":false},"excerpt":{"rendered":"<p><strong>Poids<\/strong> : 0,15 kg<\/p>\n<p><strong>Ingr\u00e9dients<\/strong> : Farine de bl\u00e9 tendre type \u00ab\u00a000\u00a0\u00bb (origine UE), saindoux, levure de bi\u00e8re, malt d&rsquo;orge, sel, farine de ma\u00efs.<\/p>\n","protected":false},"featured_media":1497,"comment_status":"open","ping_status":"closed","template":"","meta":{"_acf_changed":false,"rank_math_lock_modified_date":false},"product_cat":[141],"product_tag":[170],"class_list":{"0":"post-3158","1":"product","2":"type-product","3":"status-publish","4":"has-post-thumbnail","6":"product_cat-grissini-et-fougasses","7":"product_tag-batonnets-de-pain-brioches","9":"first","10":"instock","11":"shipping-taxable","12":"purchasable","13":"product-type-simple"},"acf":[],"_links":{"self":[{"href":"https:\/\/alfierisuisse.ch\/fr\/wp-json\/wp\/v2\/product\/3158","targetHints":{"allow":["GET"]}}],"collection":[{"href":"https:\/\/alfierisuisse.ch\/fr\/wp-json\/wp\/v2\/product"}],"about":[{"href":"https:\/\/alfierisuisse.ch\/fr\/wp-json\/wp\/v2\/types\/product"}],"replies":[{"embeddable":true,"href":"https:\/\/alfierisuisse.ch\/fr\/wp-json\/wp\/v2\/comments?post=3158"}],"wp:featuredmedia":[{"embeddable":true,"href":"https:\/\/alfierisuisse.ch\/fr\/wp-json\/wp\/v2\/media\/1497"}],"wp:attachment":[{"href":"https:\/\/alfierisuisse.ch\/fr\/wp-json\/wp\/v2\/media?parent=3158"}],"wp:term":[{"taxonomy":"product_cat","embeddable":true,"href":"https:\/\/alfierisuisse.ch\/fr\/wp-json\/wp\/v2\/product_cat?post=3158"},{"taxonomy":"product_tag","embeddable":true,"href":"https:\/\/alfierisuisse.ch\/fr\/wp-json\/wp\/v2\/product_tag?post=3158"}],"curies":[{"name":"wp","href":"https:\/\/api.w.org\/{rel}","templated":true}]}}