{"id":3210,"date":"2023-01-25T15:37:16","date_gmt":"2023-01-25T15:37:16","guid":{"rendered":"https:\/\/elisak89.sg-host.com\/prodotto\/risotto-funghi-porcini-300-g\/"},"modified":"2023-12-19T09:19:10","modified_gmt":"2023-12-19T09:19:10","slug":"risotto-aux-cepes-300g","status":"publish","type":"product","link":"https:\/\/alfierisuisse.ch\/fr\/prodotto\/risotto-aux-cepes-300g\/","title":{"rendered":"Risotto aux c\u00e8pes 300g"},"content":{"rendered":"","protected":false},"excerpt":{"rendered":"<p><strong>Poids <\/strong>: 0,3 kg<\/p>\n<p><strong>Ingr\u00e9dients <\/strong>: Riz Carnaroli 95%, champignons porcini s\u00e9ch\u00e9s 2,6%, carotte s\u00e9ch\u00e9e, ciboulette s\u00e9ch\u00e9e, persil s\u00e9ch\u00e9, ail s\u00e9ch\u00e9.<\/p>\n","protected":false},"featured_media":1455,"comment_status":"open","ping_status":"closed","template":"","meta":{"_acf_changed":false,"rank_math_lock_modified_date":false},"product_cat":[133],"product_tag":[162],"class_list":{"0":"post-3210","1":"product","2":"type-product","3":"status-publish","4":"has-post-thumbnail","6":"product_cat-farines-et-riz","7":"product_tag-riz-et-risottos","9":"first","10":"instock","11":"shipping-taxable","12":"purchasable","13":"product-type-simple"},"acf":[],"_links":{"self":[{"href":"https:\/\/alfierisuisse.ch\/fr\/wp-json\/wp\/v2\/product\/3210","targetHints":{"allow":["GET"]}}],"collection":[{"href":"https:\/\/alfierisuisse.ch\/fr\/wp-json\/wp\/v2\/product"}],"about":[{"href":"https:\/\/alfierisuisse.ch\/fr\/wp-json\/wp\/v2\/types\/product"}],"replies":[{"embeddable":true,"href":"https:\/\/alfierisuisse.ch\/fr\/wp-json\/wp\/v2\/comments?post=3210"}],"wp:featuredmedia":[{"embeddable":true,"href":"https:\/\/alfierisuisse.ch\/fr\/wp-json\/wp\/v2\/media\/1455"}],"wp:attachment":[{"href":"https:\/\/alfierisuisse.ch\/fr\/wp-json\/wp\/v2\/media?parent=3210"}],"wp:term":[{"taxonomy":"product_cat","embeddable":true,"href":"https:\/\/alfierisuisse.ch\/fr\/wp-json\/wp\/v2\/product_cat?post=3210"},{"taxonomy":"product_tag","embeddable":true,"href":"https:\/\/alfierisuisse.ch\/fr\/wp-json\/wp\/v2\/product_tag?post=3210"}],"curies":[{"name":"wp","href":"https:\/\/api.w.org\/{rel}","templated":true}]}}