{"id":3235,"date":"2023-01-25T15:15:00","date_gmt":"2023-01-25T15:15:00","guid":{"rendered":"https:\/\/elisak89.sg-host.com\/prodotto\/condimento-olio-extravergine-al-tartufo-bianco-100-ml\/"},"modified":"2023-12-19T09:50:43","modified_gmt":"2023-12-19T09:50:43","slug":"huile-dolive-vierge-extra-au-truffe-blanche-100-ml","status":"publish","type":"product","link":"https:\/\/alfierisuisse.ch\/fr\/prodotto\/huile-dolive-vierge-extra-au-truffe-blanche-100-ml\/","title":{"rendered":"Huile d&rsquo;olive vierge extra au truffe blanche 100 ml"},"content":{"rendered":"","protected":false},"excerpt":{"rendered":"<p><strong>Poids :<\/strong> 100 ml<\/p>\n<p><strong>Ingr\u00e9dients :<\/strong> Huile d&rsquo;olive extra vierge 98,5% (origine UE), ar\u00f4me, 0,05% de truffe blanche s\u00e9ch\u00e9e (Tuber Borchio Albidum Pico), 0,01% de truffe blanche s\u00e9ch\u00e9e (Tuber magnatum Pico). Peut contenir des traces ou des spores du genre Tuber spp.<\/p>\n","protected":false},"featured_media":1737,"comment_status":"open","ping_status":"closed","template":"","meta":{"_acf_changed":false,"rank_math_lock_modified_date":false},"product_cat":[123,111],"product_tag":[124],"class_list":{"0":"post-3235","1":"product","2":"type-product","3":"status-publish","4":"has-post-thumbnail","6":"product_cat-huile-et-vinaigre","7":"product_cat-special-truffe","8":"product_tag-lolio-fr","10":"first","11":"instock","12":"shipping-taxable","13":"purchasable","14":"product-type-simple"},"acf":[],"_links":{"self":[{"href":"https:\/\/alfierisuisse.ch\/fr\/wp-json\/wp\/v2\/product\/3235","targetHints":{"allow":["GET"]}}],"collection":[{"href":"https:\/\/alfierisuisse.ch\/fr\/wp-json\/wp\/v2\/product"}],"about":[{"href":"https:\/\/alfierisuisse.ch\/fr\/wp-json\/wp\/v2\/types\/product"}],"replies":[{"embeddable":true,"href":"https:\/\/alfierisuisse.ch\/fr\/wp-json\/wp\/v2\/comments?post=3235"}],"wp:featuredmedia":[{"embeddable":true,"href":"https:\/\/alfierisuisse.ch\/fr\/wp-json\/wp\/v2\/media\/1737"}],"wp:attachment":[{"href":"https:\/\/alfierisuisse.ch\/fr\/wp-json\/wp\/v2\/media?parent=3235"}],"wp:term":[{"taxonomy":"product_cat","embeddable":true,"href":"https:\/\/alfierisuisse.ch\/fr\/wp-json\/wp\/v2\/product_cat?post=3235"},{"taxonomy":"product_tag","embeddable":true,"href":"https:\/\/alfierisuisse.ch\/fr\/wp-json\/wp\/v2\/product_tag?post=3235"}],"curies":[{"name":"wp","href":"https:\/\/api.w.org\/{rel}","templated":true}]}}