{"id":3277,"date":"2023-01-25T14:59:30","date_gmt":"2023-01-25T14:59:30","guid":{"rendered":"https:\/\/elisak89.sg-host.com\/prodotto\/fondutella-180-g\/"},"modified":"2023-12-20T09:12:52","modified_gmt":"2023-12-20T09:12:52","slug":"fondutella-180-g","status":"publish","type":"product","link":"https:\/\/alfierisuisse.ch\/fr\/prodotto\/fondutella-180-g\/","title":{"rendered":"Fondutella 180g"},"content":{"rendered":"","protected":false},"excerpt":{"rendered":"<p><strong>Poids<\/strong> : 0,18 kg<\/p>\n<p><strong>Ingr\u00e9dients<\/strong> : Fontal, pecorino, lait partiellement \u00e9cr\u00e9m\u00e9, cr\u00e8me, jaune d&rsquo;\u0153uf pasteuris\u00e9, beurre, amidon de ma\u00efs, sauge, sel<\/p>\n","protected":false},"featured_media":1407,"comment_status":"open","ping_status":"closed","template":"","meta":{"_acf_changed":false,"rank_math_lock_modified_date":false},"product_cat":[144],"product_tag":[182],"class_list":{"0":"post-3277","1":"product","2":"type-product","3":"status-publish","4":"has-post-thumbnail","6":"product_cat-sauces-fr","7":"product_tag-fondutella-fr","9":"first","10":"instock","11":"shipping-taxable","12":"purchasable","13":"product-type-simple"},"acf":[],"_links":{"self":[{"href":"https:\/\/alfierisuisse.ch\/fr\/wp-json\/wp\/v2\/product\/3277","targetHints":{"allow":["GET"]}}],"collection":[{"href":"https:\/\/alfierisuisse.ch\/fr\/wp-json\/wp\/v2\/product"}],"about":[{"href":"https:\/\/alfierisuisse.ch\/fr\/wp-json\/wp\/v2\/types\/product"}],"replies":[{"embeddable":true,"href":"https:\/\/alfierisuisse.ch\/fr\/wp-json\/wp\/v2\/comments?post=3277"}],"wp:featuredmedia":[{"embeddable":true,"href":"https:\/\/alfierisuisse.ch\/fr\/wp-json\/wp\/v2\/media\/1407"}],"wp:attachment":[{"href":"https:\/\/alfierisuisse.ch\/fr\/wp-json\/wp\/v2\/media?parent=3277"}],"wp:term":[{"taxonomy":"product_cat","embeddable":true,"href":"https:\/\/alfierisuisse.ch\/fr\/wp-json\/wp\/v2\/product_cat?post=3277"},{"taxonomy":"product_tag","embeddable":true,"href":"https:\/\/alfierisuisse.ch\/fr\/wp-json\/wp\/v2\/product_tag?post=3277"}],"curies":[{"name":"wp","href":"https:\/\/api.w.org\/{rel}","templated":true}]}}