{"id":3360,"date":"2023-01-25T14:51:22","date_gmt":"2023-01-25T14:51:22","guid":{"rendered":"https:\/\/elisak89.sg-host.com\/prodotto\/sugo-cinghiale-180-g\/"},"modified":"2023-12-20T12:39:49","modified_gmt":"2023-12-20T12:39:49","slug":"sugo-cinghiale-180-g","status":"publish","type":"product","link":"https:\/\/alfierisuisse.ch\/fr\/prodotto\/sugo-cinghiale-180-g\/","title":{"rendered":"Sauce au sanglier 180g"},"content":{"rendered":"","protected":false},"excerpt":{"rendered":"<p><b>Poids :<\/b> <span id=\"single_product__weight-template-product\">0,18 kg<\/span><\/p>\n<p><strong>Ingr\u00e9dients :<\/strong> Tomates italiennes, viande de sanglier, porc, carottes, oignons, huile d&rsquo;olive extra vierge, vin Barbera d\u2019Alba D.O.C., c\u00e9leri, sucre, sel, r\u00e9gulateur d&rsquo;acidit\u00e9 : acide lactique, \u00e9pices.<\/p>\n","protected":false},"featured_media":1362,"comment_status":"open","ping_status":"closed","template":"","meta":{"_acf_changed":false,"rank_math_lock_modified_date":false},"product_cat":[144],"product_tag":[179],"class_list":{"0":"post-3360","1":"product","2":"type-product","3":"status-publish","4":"has-post-thumbnail","6":"product_cat-sauces-fr","7":"product_tag-sauces","9":"first","10":"instock","11":"shipping-taxable","12":"purchasable","13":"product-type-simple"},"acf":[],"_links":{"self":[{"href":"https:\/\/alfierisuisse.ch\/fr\/wp-json\/wp\/v2\/product\/3360","targetHints":{"allow":["GET"]}}],"collection":[{"href":"https:\/\/alfierisuisse.ch\/fr\/wp-json\/wp\/v2\/product"}],"about":[{"href":"https:\/\/alfierisuisse.ch\/fr\/wp-json\/wp\/v2\/types\/product"}],"replies":[{"embeddable":true,"href":"https:\/\/alfierisuisse.ch\/fr\/wp-json\/wp\/v2\/comments?post=3360"}],"wp:featuredmedia":[{"embeddable":true,"href":"https:\/\/alfierisuisse.ch\/fr\/wp-json\/wp\/v2\/media\/1362"}],"wp:attachment":[{"href":"https:\/\/alfierisuisse.ch\/fr\/wp-json\/wp\/v2\/media?parent=3360"}],"wp:term":[{"taxonomy":"product_cat","embeddable":true,"href":"https:\/\/alfierisuisse.ch\/fr\/wp-json\/wp\/v2\/product_cat?post=3360"},{"taxonomy":"product_tag","embeddable":true,"href":"https:\/\/alfierisuisse.ch\/fr\/wp-json\/wp\/v2\/product_tag?post=3360"}],"curies":[{"name":"wp","href":"https:\/\/api.w.org\/{rel}","templated":true}]}}