{"id":3473,"date":"2023-01-24T09:35:21","date_gmt":"2023-01-24T09:35:21","guid":{"rendered":"https:\/\/elisak89.sg-host.com\/prodotto\/tajarin-tartufo-bianco-scatola-regalo-250-g\/"},"modified":"2023-12-22T10:38:46","modified_gmt":"2023-12-22T10:38:46","slug":"tajarin-au-tartuffe-blanc-boite-cadeau-250g","status":"publish","type":"product","link":"https:\/\/alfierisuisse.ch\/fr\/prodotto\/tajarin-au-tartuffe-blanc-boite-cadeau-250g\/","title":{"rendered":"Tajarin au tartuffe blanc bo\u00eete cadeau 250g"},"content":{"rendered":"","protected":false},"excerpt":{"rendered":"<p><b>Poids :<\/b> <span id=\"single_product__weight-template-product\">0.25 kg<\/span><\/p>\n<p>Ingr\u00e9dients : semoule de bl\u00e9 dur, \u0153ufs frais pasteuris\u00e9s, truffe d&rsquo;\u00e9t\u00e9, ar\u00f4me de truffe, truffe blanche d&rsquo;Alba, sel.<\/p>\n","protected":false},"featured_media":1304,"comment_status":"open","ping_status":"closed","template":"","meta":{"_acf_changed":false,"rank_math_lock_modified_date":false},"product_cat":[117,111],"product_tag":[191],"class_list":{"0":"post-3473","1":"product","2":"type-product","3":"status-publish","4":"has-post-thumbnail","6":"product_cat-pates","7":"product_cat-special-truffe","8":"product_tag-emballage-cadeau","10":"first","11":"instock","12":"shipping-taxable","13":"purchasable","14":"product-type-simple"},"acf":[],"_links":{"self":[{"href":"https:\/\/alfierisuisse.ch\/fr\/wp-json\/wp\/v2\/product\/3473","targetHints":{"allow":["GET"]}}],"collection":[{"href":"https:\/\/alfierisuisse.ch\/fr\/wp-json\/wp\/v2\/product"}],"about":[{"href":"https:\/\/alfierisuisse.ch\/fr\/wp-json\/wp\/v2\/types\/product"}],"replies":[{"embeddable":true,"href":"https:\/\/alfierisuisse.ch\/fr\/wp-json\/wp\/v2\/comments?post=3473"}],"wp:featuredmedia":[{"embeddable":true,"href":"https:\/\/alfierisuisse.ch\/fr\/wp-json\/wp\/v2\/media\/1304"}],"wp:attachment":[{"href":"https:\/\/alfierisuisse.ch\/fr\/wp-json\/wp\/v2\/media?parent=3473"}],"wp:term":[{"taxonomy":"product_cat","embeddable":true,"href":"https:\/\/alfierisuisse.ch\/fr\/wp-json\/wp\/v2\/product_cat?post=3473"},{"taxonomy":"product_tag","embeddable":true,"href":"https:\/\/alfierisuisse.ch\/fr\/wp-json\/wp\/v2\/product_tag?post=3473"}],"curies":[{"name":"wp","href":"https:\/\/api.w.org\/{rel}","templated":true}]}}