{"id":3520,"date":"2023-01-24T09:30:59","date_gmt":"2023-01-24T09:30:59","guid":{"rendered":"https:\/\/elisak89.sg-host.com\/prodotto\/raviolini-secchi-formaggio-e-tartufo-500g\/"},"modified":"2023-12-28T20:56:26","modified_gmt":"2023-12-28T20:56:26","slug":"raviolini-secs-au-fromage-et-a-la-truffe-500g","status":"publish","type":"product","link":"https:\/\/alfierisuisse.ch\/fr\/prodotto\/raviolini-secs-au-fromage-et-a-la-truffe-500g\/","title":{"rendered":"Raviolini secs au fromage et \u00e0 la truffe 500g"},"content":{"rendered":"","protected":false},"excerpt":{"rendered":"<p><strong>DESCRIPTION DU PRODUIT :<\/strong> Fine feuille de p\u00e2te aux \u0153ufs garnie d&rsquo;un m\u00e9lange de fromages et de truffes noires (Tuber aestivum). Le produit subit un processus de pr\u00e9-pasteurisation \u00e0 85\u00b0C pendant 330&Prime; et ensuite un s\u00e9chage pendant 16 heures \u00e0 environ 67\u00b0C.<\/p>\n<p><b>Poids :<\/b> 500g<\/p>\n<p><strong>Ingr\u00e9dients :<\/strong> P\u00e2te (72%) : semoule de bl\u00e9 dur, \u0153ufs de poules \u00e9lev\u00e9es en plein air (19,4% sur la p\u00e2te). Garniture (28%) : chapelure (farine de bl\u00e9 tendre type \u00ab\u00a00\u00a0\u00bb, sel, levure), fromages (31,4% dans la garniture) [fromage d\u00e9shydrat\u00e9 (18,8% dans la garniture) (lait, lactos\u00e9rum, sel, pr\u00e9sure, lysozyme d&rsquo;\u0153ufs), fromage fondu en poudre (12,5% dans la garniture) (lait, lactos\u00e9rum, sel, enzymes)], margarine [graisse de noix de coco, huiles v\u00e9g\u00e9tales (tournesol, soja, colza), eau], ricotta (12,5% dans la garniture) (lait, lactos\u00e9rum, sel), ar\u00f4mes, sel, truffe noire d\u00e9shydrat\u00e9e (Tuber aestivum) (0,2% dans la garniture), \u00e9pices.<\/p>\n","protected":false},"featured_media":2021,"comment_status":"open","ping_status":"closed","template":"","meta":{"_acf_changed":false,"rank_math_lock_modified_date":false},"product_cat":[117,111],"product_tag":[195],"class_list":{"0":"post-3520","1":"product","2":"type-product","3":"status-publish","4":"has-post-thumbnail","6":"product_cat-pates","7":"product_cat-special-truffe","8":"product_tag-pates-aux-oeufs-farcies","10":"first","11":"instock","12":"shipping-taxable","13":"purchasable","14":"product-type-simple"},"acf":[],"_links":{"self":[{"href":"https:\/\/alfierisuisse.ch\/fr\/wp-json\/wp\/v2\/product\/3520","targetHints":{"allow":["GET"]}}],"collection":[{"href":"https:\/\/alfierisuisse.ch\/fr\/wp-json\/wp\/v2\/product"}],"about":[{"href":"https:\/\/alfierisuisse.ch\/fr\/wp-json\/wp\/v2\/types\/product"}],"replies":[{"embeddable":true,"href":"https:\/\/alfierisuisse.ch\/fr\/wp-json\/wp\/v2\/comments?post=3520"}],"wp:featuredmedia":[{"embeddable":true,"href":"https:\/\/alfierisuisse.ch\/fr\/wp-json\/wp\/v2\/media\/2021"}],"wp:attachment":[{"href":"https:\/\/alfierisuisse.ch\/fr\/wp-json\/wp\/v2\/media?parent=3520"}],"wp:term":[{"taxonomy":"product_cat","embeddable":true,"href":"https:\/\/alfierisuisse.ch\/fr\/wp-json\/wp\/v2\/product_cat?post=3520"},{"taxonomy":"product_tag","embeddable":true,"href":"https:\/\/alfierisuisse.ch\/fr\/wp-json\/wp\/v2\/product_tag?post=3520"}],"curies":[{"name":"wp","href":"https:\/\/api.w.org\/{rel}","templated":true}]}}