{"id":3630,"date":"2023-01-24T09:15:13","date_gmt":"2023-01-24T09:15:13","guid":{"rendered":"https:\/\/elisak89.sg-host.com\/prodotto\/lasagne-uovo-250-g\/"},"modified":"2024-01-03T10:04:49","modified_gmt":"2024-01-03T10:04:49","slug":"lasagnes-aux-oeufs-250g","status":"publish","type":"product","link":"https:\/\/alfierisuisse.ch\/fr\/prodotto\/lasagnes-aux-oeufs-250g\/","title":{"rendered":"Lasagnes aux \u0153ufs 250g"},"content":{"rendered":"","protected":false},"excerpt":{"rendered":"<p><b>Poids :<\/b> <span id=\"single_product__weight-template-product\">0,25 kg<\/span><\/p>\n<p><strong>Ingr\u00e9dients :<\/strong> Semoule de bl\u00e9 dur, \u0153ufs frais pasteuris\u00e9s<\/p>\n","protected":false},"featured_media":1253,"comment_status":"open","ping_status":"closed","template":"","meta":{"_acf_changed":false,"rank_math_lock_modified_date":false},"product_cat":[117],"product_tag":[249],"class_list":{"0":"post-3630","1":"product","2":"type-product","3":"status-publish","4":"has-post-thumbnail","6":"product_cat-pates","7":"product_tag-i-maltagliati-e-le-lasagne-fr","9":"first","10":"instock","11":"shipping-taxable","12":"purchasable","13":"product-type-simple"},"acf":[],"_links":{"self":[{"href":"https:\/\/alfierisuisse.ch\/fr\/wp-json\/wp\/v2\/product\/3630","targetHints":{"allow":["GET"]}}],"collection":[{"href":"https:\/\/alfierisuisse.ch\/fr\/wp-json\/wp\/v2\/product"}],"about":[{"href":"https:\/\/alfierisuisse.ch\/fr\/wp-json\/wp\/v2\/types\/product"}],"replies":[{"embeddable":true,"href":"https:\/\/alfierisuisse.ch\/fr\/wp-json\/wp\/v2\/comments?post=3630"}],"wp:featuredmedia":[{"embeddable":true,"href":"https:\/\/alfierisuisse.ch\/fr\/wp-json\/wp\/v2\/media\/1253"}],"wp:attachment":[{"href":"https:\/\/alfierisuisse.ch\/fr\/wp-json\/wp\/v2\/media?parent=3630"}],"wp:term":[{"taxonomy":"product_cat","embeddable":true,"href":"https:\/\/alfierisuisse.ch\/fr\/wp-json\/wp\/v2\/product_cat?post=3630"},{"taxonomy":"product_tag","embeddable":true,"href":"https:\/\/alfierisuisse.ch\/fr\/wp-json\/wp\/v2\/product_tag?post=3630"}],"curies":[{"name":"wp","href":"https:\/\/api.w.org\/{rel}","templated":true}]}}