{"id":3711,"date":"2023-01-24T09:07:49","date_gmt":"2023-01-24T09:07:49","guid":{"rendered":"https:\/\/elisak89.sg-host.com\/prodotto\/riccioli-barolo-sacchetto-250-g\/"},"modified":"2024-01-03T16:09:44","modified_gmt":"2024-01-03T16:09:44","slug":"pates-riccioli-au-barolo-sachet-de-250g","status":"publish","type":"product","link":"https:\/\/alfierisuisse.ch\/fr\/prodotto\/pates-riccioli-au-barolo-sachet-de-250g\/","title":{"rendered":"P\u00e2tes Riccioli au Barolo, sachet de 250g"},"content":{"rendered":"","protected":false},"excerpt":{"rendered":"<p><b>Poids :<\/b> <span id=\"single_product__weight-template-product\">0,25 kg<\/span><\/p>\n<p>Ingr\u00e9dients : Semoule de bl\u00e9 dur, betterave d\u00e9shydrat\u00e9e, vin Barolo<\/p>\n<p>Contient des sulfites<\/p>\n","protected":false},"featured_media":1217,"comment_status":"open","ping_status":"closed","template":"","meta":{"_acf_changed":false,"rank_math_lock_modified_date":false},"product_cat":[117],"product_tag":[201],"class_list":{"0":"post-3711","1":"product","2":"type-product","3":"status-publish","4":"has-post-thumbnail","6":"product_cat-pates","7":"product_tag-les-boucles","9":"first","10":"instock","11":"shipping-taxable","12":"purchasable","13":"product-type-simple"},"acf":[],"_links":{"self":[{"href":"https:\/\/alfierisuisse.ch\/fr\/wp-json\/wp\/v2\/product\/3711","targetHints":{"allow":["GET"]}}],"collection":[{"href":"https:\/\/alfierisuisse.ch\/fr\/wp-json\/wp\/v2\/product"}],"about":[{"href":"https:\/\/alfierisuisse.ch\/fr\/wp-json\/wp\/v2\/types\/product"}],"replies":[{"embeddable":true,"href":"https:\/\/alfierisuisse.ch\/fr\/wp-json\/wp\/v2\/comments?post=3711"}],"wp:featuredmedia":[{"embeddable":true,"href":"https:\/\/alfierisuisse.ch\/fr\/wp-json\/wp\/v2\/media\/1217"}],"wp:attachment":[{"href":"https:\/\/alfierisuisse.ch\/fr\/wp-json\/wp\/v2\/media?parent=3711"}],"wp:term":[{"taxonomy":"product_cat","embeddable":true,"href":"https:\/\/alfierisuisse.ch\/fr\/wp-json\/wp\/v2\/product_cat?post=3711"},{"taxonomy":"product_tag","embeddable":true,"href":"https:\/\/alfierisuisse.ch\/fr\/wp-json\/wp\/v2\/product_tag?post=3711"}],"curies":[{"name":"wp","href":"https:\/\/api.w.org\/{rel}","templated":true}]}}