{"id":3727,"date":"2023-01-24T09:05:14","date_gmt":"2023-01-24T09:05:14","guid":{"rendered":"https:\/\/elisak89.sg-host.com\/prodotto\/albesi-uovo-distesi-astuccio-500-g\/"},"modified":"2024-01-04T08:48:46","modified_gmt":"2024-01-04T08:48:46","slug":"nouilles-aux-oeufs-albesi-500g-en-boite","status":"publish","type":"product","link":"https:\/\/alfierisuisse.ch\/fr\/prodotto\/nouilles-aux-oeufs-albesi-500g-en-boite\/","title":{"rendered":"Nouilles aux \u0153ufs Albesi, 500g en bo\u00eete"},"content":{"rendered":"","protected":false},"excerpt":{"rendered":"<p class=\"single_product__weight\"><b>Poids :<\/b> <span id=\"single_product__weight-template-product\">0.5 kg<\/span><\/p>\n<p><strong>Ingr\u00e9dients :<\/strong> Semoule de bl\u00e9 dur, \u0153ufs frais pasteuris\u00e9s<\/p>\n","protected":false},"featured_media":1310,"comment_status":"open","ping_status":"closed","template":"","meta":{"_acf_changed":false,"rank_math_lock_modified_date":false},"product_cat":[117],"product_tag":[231],"class_list":{"0":"post-3727","1":"product","2":"type-product","3":"status-publish","4":"has-post-thumbnail","6":"product_cat-pates","7":"product_tag-gli-albesi-fr","9":"first","10":"instock","11":"shipping-taxable","12":"purchasable","13":"product-type-simple"},"acf":[],"_links":{"self":[{"href":"https:\/\/alfierisuisse.ch\/fr\/wp-json\/wp\/v2\/product\/3727","targetHints":{"allow":["GET"]}}],"collection":[{"href":"https:\/\/alfierisuisse.ch\/fr\/wp-json\/wp\/v2\/product"}],"about":[{"href":"https:\/\/alfierisuisse.ch\/fr\/wp-json\/wp\/v2\/types\/product"}],"replies":[{"embeddable":true,"href":"https:\/\/alfierisuisse.ch\/fr\/wp-json\/wp\/v2\/comments?post=3727"}],"wp:featuredmedia":[{"embeddable":true,"href":"https:\/\/alfierisuisse.ch\/fr\/wp-json\/wp\/v2\/media\/1310"}],"wp:attachment":[{"href":"https:\/\/alfierisuisse.ch\/fr\/wp-json\/wp\/v2\/media?parent=3727"}],"wp:term":[{"taxonomy":"product_cat","embeddable":true,"href":"https:\/\/alfierisuisse.ch\/fr\/wp-json\/wp\/v2\/product_cat?post=3727"},{"taxonomy":"product_tag","embeddable":true,"href":"https:\/\/alfierisuisse.ch\/fr\/wp-json\/wp\/v2\/product_tag?post=3727"}],"curies":[{"name":"wp","href":"https:\/\/api.w.org\/{rel}","templated":true}]}}