{"id":3886,"date":"2024-11-06T10:57:18","date_gmt":"2024-11-06T10:57:18","guid":{"rendered":"https:\/\/alfierisuisse.ch\/?post_type=product&#038;p=3886"},"modified":"2025-03-20T15:16:14","modified_gmt":"2025-03-20T15:16:14","slug":"lasagnotte-500g","status":"publish","type":"product","link":"https:\/\/alfierisuisse.ch\/fr\/prodotto\/lasagnotte-500g\/","title":{"rendered":"Lasagnotte 500g"},"content":{"rendered":"","protected":false},"excerpt":{"rendered":"<p>P\u00e2tes de semoule de bl\u00e9 dur \u00e0 l\u2019\u0153uf.<\/p>\n<p><strong>Poids:\u00a0<\/strong>500 g<\/p>\n<p><strong>Ingr\u00e9dients:<\/strong> semoule de BL\u00c9 dur, \u0152UFS 20%.<\/p>\n","protected":false},"featured_media":3881,"comment_status":"open","ping_status":"closed","template":"","meta":{"_acf_changed":false,"rank_math_lock_modified_date":false},"product_cat":[117],"product_tag":[],"class_list":{"0":"post-3886","1":"product","2":"type-product","3":"status-publish","4":"has-post-thumbnail","6":"product_cat-pates","8":"first","9":"instock","10":"shipping-taxable","11":"purchasable","12":"product-type-simple"},"acf":[],"_links":{"self":[{"href":"https:\/\/alfierisuisse.ch\/fr\/wp-json\/wp\/v2\/product\/3886","targetHints":{"allow":["GET"]}}],"collection":[{"href":"https:\/\/alfierisuisse.ch\/fr\/wp-json\/wp\/v2\/product"}],"about":[{"href":"https:\/\/alfierisuisse.ch\/fr\/wp-json\/wp\/v2\/types\/product"}],"replies":[{"embeddable":true,"href":"https:\/\/alfierisuisse.ch\/fr\/wp-json\/wp\/v2\/comments?post=3886"}],"wp:featuredmedia":[{"embeddable":true,"href":"https:\/\/alfierisuisse.ch\/fr\/wp-json\/wp\/v2\/media\/3881"}],"wp:attachment":[{"href":"https:\/\/alfierisuisse.ch\/fr\/wp-json\/wp\/v2\/media?parent=3886"}],"wp:term":[{"taxonomy":"product_cat","embeddable":true,"href":"https:\/\/alfierisuisse.ch\/fr\/wp-json\/wp\/v2\/product_cat?post=3886"},{"taxonomy":"product_tag","embeddable":true,"href":"https:\/\/alfierisuisse.ch\/fr\/wp-json\/wp\/v2\/product_tag?post=3886"}],"curies":[{"name":"wp","href":"https:\/\/api.w.org\/{rel}","templated":true}]}}